{"id":239,"date":"2021-08-25T02:16:38","date_gmt":"2021-08-25T01:16:38","guid":{"rendered":"https:\/\/novatervisestuudio.com\/index.php\/about\/"},"modified":"2024-09-13T10:26:34","modified_gmt":"2024-09-13T07:26:34","slug":"kontakt","status":"publish","type":"page","link":"https:\/\/novatervisestuudio.com\/index.php\/kontakt\/","title":{"rendered":"Meist\/Kontakt"},"content":{"rendered":"\t\t<div data-elementor-type=\"wp-page\" data-elementor-id=\"239\" class=\"elementor elementor-239\">\n\t\t\t\t\t\t<section class=\"elementor-section elementor-top-section elementor-element elementor-element-d7d801d elementor-section-boxed elementor-section-height-default elementor-section-height-default\" data-id=\"d7d801d\" data-element_type=\"section\" data-settings=\"{&quot;background_background&quot;:&quot;classic&quot;}\">\n\t\t\t\t\t\t<div class=\"elementor-container elementor-column-gap-no\">\n\t\t\t\t\t<div class=\"elementor-column elementor-col-100 elementor-top-column elementor-element elementor-element-1897415\" data-id=\"1897415\" data-element_type=\"column\">\n\t\t\t<div class=\"elementor-widget-wrap elementor-element-populated\">\n\t\t\t\t\t\t<div class=\"elementor-element elementor-element-32cd5c7 elementor-widget elementor-widget-heading\" data-id=\"32cd5c7\" data-element_type=\"widget\" data-widget_type=\"heading.default\">\n\t\t\t\t<div class=\"elementor-widget-container\">\n\t\t\t\t\t<h1 class=\"elementor-heading-title elementor-size-default\">Meist\/Kontakt<\/h1>\t\t\t\t<\/div>\n\t\t\t\t<\/div>\n\t\t\t\t\t<\/div>\n\t\t<\/div>\n\t\t\t\t\t<\/div>\n\t\t<\/section>\n\t\t<div class=\"elementor-element elementor-element-8460857 e-flex e-con-boxed e-con e-parent\" data-id=\"8460857\" data-element_type=\"container\">\n\t\t\t\t\t<div class=\"e-con-inner\">\n\t\t<div class=\"elementor-element elementor-element-933e9f7 e-con-full e-flex e-con e-child\" data-id=\"933e9f7\" data-element_type=\"container\">\n\t\t\t\t<div class=\"elementor-element elementor-element-afb22e9 elementor-widget elementor-widget-heading\" data-id=\"afb22e9\" data-element_type=\"widget\" data-widget_type=\"heading.default\">\n\t\t\t\t<div class=\"elementor-widget-container\">\n\t\t\t\t\t<h2 class=\"elementor-heading-title elementor-size-default\">Meist<\/h2>\t\t\t\t<\/div>\n\t\t\t\t<\/div>\n\t\t\t\t<\/div>\n\t\t<div class=\"elementor-element elementor-element-f3ca30f e-grid e-con-full e-con e-child\" data-id=\"f3ca30f\" data-element_type=\"container\">\n\t\t\t\t<div class=\"elementor-element elementor-element-c4d9a2e elementor-widget elementor-widget-image\" data-id=\"c4d9a2e\" data-element_type=\"widget\" data-widget_type=\"image.default\">\n\t\t\t\t<div class=\"elementor-widget-container\">\n\t\t\t\t\t\t\t\t\t\t\t\t\t\t\t<img fetchpriority=\"high\" decoding=\"async\" width=\"771\" height=\"1024\" src=\"https:\/\/novatervisestuudio.com\/wp-content\/uploads\/2024\/09\/PXL_20240730_065811008-771x1024.jpg\" class=\"attachment-large size-large wp-image-2093\" alt=\"\" srcset=\"https:\/\/novatervisestuudio.com\/wp-content\/uploads\/2024\/09\/PXL_20240730_065811008-771x1024.jpg 771w, https:\/\/novatervisestuudio.com\/wp-content\/uploads\/2024\/09\/PXL_20240730_065811008-226x300.jpg 226w, https:\/\/novatervisestuudio.com\/wp-content\/uploads\/2024\/09\/PXL_20240730_065811008-768x1020.jpg 768w, https:\/\/novatervisestuudio.com\/wp-content\/uploads\/2024\/09\/PXL_20240730_065811008-1157x1536.jpg 1157w, https:\/\/novatervisestuudio.com\/wp-content\/uploads\/2024\/09\/PXL_20240730_065811008-1542x2048.jpg 1542w, https:\/\/novatervisestuudio.com\/wp-content\/uploads\/2024\/09\/PXL_20240730_065811008-1320x1753.jpg 1320w, https:\/\/novatervisestuudio.com\/wp-content\/uploads\/2024\/09\/PXL_20240730_065811008-600x797.jpg 600w, https:\/\/novatervisestuudio.com\/wp-content\/uploads\/2024\/09\/PXL_20240730_065811008-scaled.jpg 1928w\" sizes=\"(max-width: 771px) 100vw, 771px\" \/>\t\t\t\t\t\t\t\t\t\t\t\t\t\t\t<\/div>\n\t\t\t\t<\/div>\n\t\t<div class=\"elementor-element elementor-element-f1a1197 e-con-full e-flex e-con e-child\" data-id=\"f1a1197\" data-element_type=\"container\">\n\t\t\t\t<div class=\"elementor-element elementor-element-6071d39 elementor-widget elementor-widget-text-editor\" data-id=\"6071d39\" data-element_type=\"widget\" data-widget_type=\"text-editor.default\">\n\t\t\t\t<div class=\"elementor-widget-container\">\n\t\t\t\t\t\t\t\t\t<p>Minu nimi on Elona ja jooga on minu jaoks armastus elu ja enese vastu. Praktiseerides joogat praktiseerin j\u00e4rjepidevust, enese avastamist ja hetkes elamist. 10 aasta jooksul olen s\u00fcvitsi tegelenud erinevate jooga stiilidega ning olen ennast j\u00e4tkuvalt arendanud nii Eestis kui v\u00e4ljaspool. Minu teekond joogas j\u00f5udis haripunkti 2019. aastal, kui omandasin Hatha jooga \u00f5petaja kvalifikatsiooni tuntud Samatva Yogalaya Ashramis, Indias. Samas j\u00e4tkan ma enda t\u00e4iendamist osaledes erinevatel koolitustel Euroopas (Scott Johnson 20h, Mayra Surya 25h, Laste jooga kool 400h) ja Indias (Tattvaashram Yogshala Varkala 20h, Samatva Yogalaya ashram Rishikesh 200h, Yogadarshanam Mysure 300h). Lisaks joogale l\u00f5petasin Visible Feels Akadeemia pilatese koolituse kuna arvan, et jooga ja pilates on suurel m\u00e4\u00e4ral koosk\u00f5las.<\/p><p>Koolitustel t\u00e4iendan oma teadmisi joogateraapia valdkonnas, kuna naudin nendel seanssidel luua v\u00e4ikestes gruppides isikup\u00e4rastatud l\u00e4henemisviise, et m\u00f5ista osalejate individuaalseid vajadusi, eelistusi ja eesm\u00e4rke. K\u00f5ige hiljutisem avastus minu jaoks on Ajurveeda lisamine oma rutiini ja \u00f5petustesse, mis toetab jooga praktiseerimist ning aitab saavutada ja s\u00e4ilitada optimaalse tervise enda kehas. Lisaks olen organiseerinud lastelaagreid ja retriite ning praktiseerinud p\u00f5nevaid stiile nagu SUP-laua jooga, \u00f5hujooga ja joogateraapia.<\/p><p>Pean oluliseks mitmek\u00fclgsust ja erinevate stiilide valdamist, kuna see aitab meil ennast avastada ja \u00f5ppida oma keha paremini tundma. Samas meeldib mulle ka v\u00f5tta aega, et \u00fchele stiilile p\u00fchenduda, kuna see toob meid hetkesse, maandab ning aitab keskenduda. Usun, et igal inimesel on joogas oma teekond ja see on v\u00e4ga individuaalne. Olenemata stiilist on oluline, et teeksime seda j\u00e4rjepidevalt ja \u00f5piksime teadliku jooga praktiseerimist, kuna see kajastub ka meie igap\u00e4evases elus. Sedasi tehes oleme 100% \u00e4rkvel ja elame hetkes, mis t\u00f5stab meie elukvaliteeti ja teeb meid \u00f5nnelikuks.<\/p><p>Lisaks joogale meeldib mulle tutvuda erinevate riikide traditsioonide, usu ja kultuuriga ning seep\u00e4rast \u00f5ppisin Rahvusvahelisi suhteid London Queen Mary \u00fclikoolis ja olen endiselt huvitatud kultuuridiplomaatiast. Usun, et mitmekesisuse aktsepteerimine ja austamine rikastab meie elu ja aitab luua tervislikuma \u00fchiskonna.<\/p>\t\t\t\t\t\t\t\t<\/div>\n\t\t\t\t<\/div>\n\t\t\t\t<\/div>\n\t\t\t\t<\/div>\n\t\t<div class=\"elementor-element elementor-element-c10737e e-grid e-con-full e-con e-child\" data-id=\"c10737e\" data-element_type=\"container\">\n\t\t\t\t<div class=\"elementor-element elementor-element-9c0925d elementor-widget elementor-widget-image\" data-id=\"9c0925d\" data-element_type=\"widget\" data-widget_type=\"image.default\">\n\t\t\t\t<div class=\"elementor-widget-container\">\n\t\t\t\t\t\t\t\t\t\t\t\t\t\t\t<img decoding=\"async\" src=\"https:\/\/novatervisestuudio.com\/wp-content\/plugins\/elementor\/assets\/images\/placeholder.png\" title=\"\" alt=\"\" loading=\"lazy\" \/>\t\t\t\t\t\t\t\t\t\t\t\t\t\t\t<\/div>\n\t\t\t\t<\/div>\n\t\t<div class=\"elementor-element elementor-element-e1d7220 e-con-full e-flex e-con e-child\" data-id=\"e1d7220\" data-element_type=\"container\">\n\t\t\t\t<div class=\"elementor-element elementor-element-3479898 elementor-widget elementor-widget-text-editor\" data-id=\"3479898\" data-element_type=\"widget\" data-widget_type=\"text-editor.default\">\n\t\t\t\t<div class=\"elementor-widget-container\">\n\t\t\t\t\t\t\t\t\t<p>Lorem ipsum dolor sit amet, consectetur adipiscing elit. Ut elit tellus, luctus nec ullamcorper mattis, pulvinar dapibus leo.<\/p>\t\t\t\t\t\t\t\t<\/div>\n\t\t\t\t<\/div>\n\t\t\t\t<\/div>\n\t\t\t\t<\/div>\n\t\t<div class=\"elementor-element elementor-element-faecee2 e-grid e-con-full e-con e-child\" data-id=\"faecee2\" data-element_type=\"container\">\n\t\t\t\t<div class=\"elementor-element elementor-element-1c337a7 elementor-widget elementor-widget-image\" data-id=\"1c337a7\" data-element_type=\"widget\" data-widget_type=\"image.default\">\n\t\t\t\t<div class=\"elementor-widget-container\">\n\t\t\t\t\t\t\t\t\t\t\t\t\t\t\t<img decoding=\"async\" src=\"https:\/\/novatervisestuudio.com\/wp-content\/plugins\/elementor\/assets\/images\/placeholder.png\" title=\"\" alt=\"\" loading=\"lazy\" \/>\t\t\t\t\t\t\t\t\t\t\t\t\t\t\t<\/div>\n\t\t\t\t<\/div>\n\t\t<div class=\"elementor-element elementor-element-911612f e-con-full e-flex e-con e-child\" data-id=\"911612f\" data-element_type=\"container\">\n\t\t\t\t<div class=\"elementor-element elementor-element-7b765f4 elementor-widget elementor-widget-text-editor\" data-id=\"7b765f4\" data-element_type=\"widget\" data-widget_type=\"text-editor.default\">\n\t\t\t\t<div class=\"elementor-widget-container\">\n\t\t\t\t\t\t\t\t\t<p>Lorem ipsum dolor sit amet, consectetur adipiscing elit. Ut elit tellus, luctus nec ullamcorper mattis, pulvinar dapibus leo.<\/p>\t\t\t\t\t\t\t\t<\/div>\n\t\t\t\t<\/div>\n\t\t\t\t<\/div>\n\t\t\t\t<\/div>\n\t\t\t\t\t<\/div>\n\t\t\t\t<\/div>\n\t\t<div class=\"elementor-element elementor-element-9951d87 e-grid e-con-boxed e-con e-parent\" data-id=\"9951d87\" data-element_type=\"container\" data-settings=\"{&quot;background_background&quot;:&quot;classic&quot;}\">\n\t\t\t\t\t<div class=\"e-con-inner\">\n\t\t\t\t<div class=\"elementor-element elementor-element-e242258 elementor-widget elementor-widget-heading\" data-id=\"e242258\" data-element_type=\"widget\" data-widget_type=\"heading.default\">\n\t\t\t\t<div class=\"elementor-widget-container\">\n\t\t\t\t\t<h2 class=\"elementor-heading-title elementor-size-default\">Kontakt<\/h2>\t\t\t\t<\/div>\n\t\t\t\t<\/div>\n\t\t\t\t<div class=\"elementor-element elementor-element-a16007f elementor-widget elementor-widget-text-editor\" data-id=\"a16007f\" data-element_type=\"widget\" data-widget_type=\"text-editor.default\">\n\t\t\t\t<div class=\"elementor-widget-container\">\n\t\t\t\t\t\t\t\t\t<h3>Telefon<\/h3><p>+372 5323 6161<\/p>\t\t\t\t\t\t\t\t<\/div>\n\t\t\t\t<\/div>\n\t\t\t\t<div class=\"elementor-element elementor-element-a0a9e24 elementor-widget elementor-widget-text-editor\" data-id=\"a0a9e24\" data-element_type=\"widget\" data-widget_type=\"text-editor.default\">\n\t\t\t\t<div class=\"elementor-widget-container\">\n\t\t\t\t\t\t\t\t\t<h3>E-mail<\/h3><p>nova.atstuudio@gmail.com<\/p>\t\t\t\t\t\t\t\t<\/div>\n\t\t\t\t<\/div>\n\t\t\t\t<div class=\"elementor-element elementor-element-034f110 elementor-widget elementor-widget-text-editor\" data-id=\"034f110\" data-element_type=\"widget\" data-widget_type=\"text-editor.default\">\n\t\t\t\t<div class=\"elementor-widget-container\">\n\t\t\t\t\t\t\t\t\t<h3>Aadress<\/h3><p>Nova tervise Stuudio, Pikk 51, Rakvere, 44307<br \/>L\u00e4\u00e4ne-Viru maakond<\/p>\t\t\t\t\t\t\t\t<\/div>\n\t\t\t\t<\/div>\n\t\t\t\t\t<\/div>\n\t\t\t\t<\/div>\n\t\t\t\t<\/div>\n\t\t","protected":false},"excerpt":{"rendered":"<p>Meist\/Kontakt Meist Minu nimi on Elona ja jooga on minu jaoks armastus elu ja enese vastu. Praktiseerides joogat praktiseerin j\u00e4rjepidevust, enese avastamist ja hetkes elamist. 10 aasta jooksul olen s\u00fcvitsi tegelenud erinevate jooga stiilidega ning olen ennast j\u00e4tkuvalt arendanud nii Eestis kui v\u00e4ljaspool. Minu teekond joogas j\u00f5udis haripunkti 2019. aastal, kui omandasin Hatha jooga \u00f5petaja &hellip;<\/p>\n<p class=\"read-more\"> <a class=\"\" href=\"https:\/\/novatervisestuudio.com\/index.php\/kontakt\/\"> <span class=\"screen-reader-text\">Meist\/Kontakt<\/span> Read More &raquo;<\/a><\/p>\n","protected":false},"author":1,"featured_media":0,"parent":0,"menu_order":0,"comment_status":"closed","ping_status":"closed","template":"","meta":{"_eb_attr":"","_uag_custom_page_level_css":"","site-sidebar-layout":"no-sidebar","site-content-layout":"page-builder","ast-site-content-layout":"full-width-container","site-content-style":"unboxed","site-sidebar-style":"unboxed","ast-global-header-display":"","ast-banner-title-visibility":"","ast-main-header-display":"","ast-hfb-above-header-display":"","ast-hfb-below-header-display":"","ast-hfb-mobile-header-display":"","site-post-title":"disabled","ast-breadcrumbs-content":"disabled","ast-featured-img":"disabled","footer-sml-layout":"","theme-transparent-header-meta":"enabled","adv-header-id-meta":"","stick-header-meta":"","header-above-stick-meta":"","header-main-stick-meta":"","header-below-stick-meta":"","astra-migrate-meta-layouts":"set","footnotes":""},"class_list":["post-239","page","type-page","status-publish","hentry"],"yoast_head":"<!-- This site is optimized with the Yoast SEO plugin v23.4 - https:\/\/yoast.com\/wordpress\/plugins\/seo\/ -->\n<title>Meist\/Kontakt - novatervisestuudio.com<\/title>\n<meta name=\"robots\" content=\"index, follow, max-snippet:-1, max-image-preview:large, max-video-preview:-1\" \/>\n<link rel=\"canonical\" href=\"https:\/\/novatervisestuudio.com\/index.php\/kontakt\/\" \/>\n<meta property=\"og:locale\" content=\"en_GB\" \/>\n<meta property=\"og:type\" content=\"article\" \/>\n<meta property=\"og:title\" content=\"Meist\/Kontakt - novatervisestuudio.com\" \/>\n<meta property=\"og:description\" content=\"Meist\/Kontakt Meist Minu nimi on Elona ja jooga on minu jaoks armastus elu ja enese vastu. Praktiseerides joogat praktiseerin j\u00e4rjepidevust, enese avastamist ja hetkes elamist. 10 aasta jooksul olen s\u00fcvitsi tegelenud erinevate jooga stiilidega ning olen ennast j\u00e4tkuvalt arendanud nii Eestis kui v\u00e4ljaspool. Minu teekond joogas j\u00f5udis haripunkti 2019. aastal, kui omandasin Hatha jooga \u00f5petaja &hellip; Meist\/Kontakt Read More &raquo;\" \/>\n<meta property=\"og:url\" content=\"https:\/\/novatervisestuudio.com\/index.php\/kontakt\/\" \/>\n<meta property=\"og:site_name\" content=\"novatervisestuudio.com\" \/>\n<meta property=\"article:modified_time\" content=\"2024-09-13T07:26:34+00:00\" \/>\n<meta property=\"og:image\" content=\"https:\/\/novatervisestuudio.com\/wp-content\/uploads\/2024\/09\/PXL_20240730_065811008-771x1024.jpg\" \/>\n<meta name=\"twitter:card\" content=\"summary_large_image\" \/>\n<meta name=\"twitter:label1\" content=\"Estimated reading time\" \/>\n\t<meta name=\"twitter:data1\" content=\"3 minutes\" \/>\n<script type=\"application\/ld+json\" class=\"yoast-schema-graph\">{\"@context\":\"https:\/\/schema.org\",\"@graph\":[{\"@type\":\"WebPage\",\"@id\":\"https:\/\/novatervisestuudio.com\/index.php\/kontakt\/\",\"url\":\"https:\/\/novatervisestuudio.com\/index.php\/kontakt\/\",\"name\":\"Meist\/Kontakt - novatervisestuudio.com\",\"isPartOf\":{\"@id\":\"https:\/\/novatervisestuudio.com\/#website\"},\"primaryImageOfPage\":{\"@id\":\"https:\/\/novatervisestuudio.com\/index.php\/kontakt\/#primaryimage\"},\"image\":{\"@id\":\"https:\/\/novatervisestuudio.com\/index.php\/kontakt\/#primaryimage\"},\"thumbnailUrl\":\"https:\/\/novatervisestuudio.com\/wp-content\/uploads\/2024\/09\/PXL_20240730_065811008-771x1024.jpg\",\"datePublished\":\"2021-08-25T01:16:38+00:00\",\"dateModified\":\"2024-09-13T07:26:34+00:00\",\"breadcrumb\":{\"@id\":\"https:\/\/novatervisestuudio.com\/index.php\/kontakt\/#breadcrumb\"},\"inLanguage\":\"en-GB\",\"potentialAction\":[{\"@type\":\"ReadAction\",\"target\":[\"https:\/\/novatervisestuudio.com\/index.php\/kontakt\/\"]}]},{\"@type\":\"ImageObject\",\"inLanguage\":\"en-GB\",\"@id\":\"https:\/\/novatervisestuudio.com\/index.php\/kontakt\/#primaryimage\",\"url\":\"https:\/\/novatervisestuudio.com\/wp-content\/uploads\/2024\/09\/PXL_20240730_065811008-scaled.jpg\",\"contentUrl\":\"https:\/\/novatervisestuudio.com\/wp-content\/uploads\/2024\/09\/PXL_20240730_065811008-scaled.jpg\",\"width\":1928,\"height\":2560},{\"@type\":\"BreadcrumbList\",\"@id\":\"https:\/\/novatervisestuudio.com\/index.php\/kontakt\/#breadcrumb\",\"itemListElement\":[{\"@type\":\"ListItem\",\"position\":1,\"name\":\"Home\",\"item\":\"https:\/\/novatervisestuudio.com\/\"},{\"@type\":\"ListItem\",\"position\":2,\"name\":\"Meist\/Kontakt\"}]},{\"@type\":\"WebSite\",\"@id\":\"https:\/\/novatervisestuudio.com\/#website\",\"url\":\"https:\/\/novatervisestuudio.com\/\",\"name\":\"novatervisestuudio.com\",\"description\":\"\",\"publisher\":{\"@id\":\"https:\/\/novatervisestuudio.com\/#organization\"},\"potentialAction\":[{\"@type\":\"SearchAction\",\"target\":{\"@type\":\"EntryPoint\",\"urlTemplate\":\"https:\/\/novatervisestuudio.com\/?s={search_term_string}\"},\"query-input\":{\"@type\":\"PropertyValueSpecification\",\"valueRequired\":true,\"valueName\":\"search_term_string\"}}],\"inLanguage\":\"en-GB\"},{\"@type\":\"Organization\",\"@id\":\"https:\/\/novatervisestuudio.com\/#organization\",\"name\":\"novatervisestuudio.com\",\"url\":\"https:\/\/novatervisestuudio.com\/\",\"logo\":{\"@type\":\"ImageObject\",\"inLanguage\":\"en-GB\",\"@id\":\"https:\/\/novatervisestuudio.com\/#\/schema\/logo\/image\/\",\"url\":\"https:\/\/novatervisestuudio.com\/wp-content\/uploads\/2023\/10\/PNG_Logo__199_KB_-removebg-preview.png\",\"contentUrl\":\"https:\/\/novatervisestuudio.com\/wp-content\/uploads\/2023\/10\/PNG_Logo__199_KB_-removebg-preview.png\",\"width\":426,\"height\":421,\"caption\":\"novatervisestuudio.com\"},\"image\":{\"@id\":\"https:\/\/novatervisestuudio.com\/#\/schema\/logo\/image\/\"}}]}<\/script>\n<!-- \/ Yoast SEO plugin. -->","yoast_head_json":{"title":"Meist\/Kontakt - novatervisestuudio.com","robots":{"index":"index","follow":"follow","max-snippet":"max-snippet:-1","max-image-preview":"max-image-preview:large","max-video-preview":"max-video-preview:-1"},"canonical":"https:\/\/novatervisestuudio.com\/index.php\/kontakt\/","og_locale":"en_GB","og_type":"article","og_title":"Meist\/Kontakt - novatervisestuudio.com","og_description":"Meist\/Kontakt Meist Minu nimi on Elona ja jooga on minu jaoks armastus elu ja enese vastu. Praktiseerides joogat praktiseerin j\u00e4rjepidevust, enese avastamist ja hetkes elamist. 10 aasta jooksul olen s\u00fcvitsi tegelenud erinevate jooga stiilidega ning olen ennast j\u00e4tkuvalt arendanud nii Eestis kui v\u00e4ljaspool. Minu teekond joogas j\u00f5udis haripunkti 2019. aastal, kui omandasin Hatha jooga \u00f5petaja &hellip; Meist\/Kontakt Read More &raquo;","og_url":"https:\/\/novatervisestuudio.com\/index.php\/kontakt\/","og_site_name":"novatervisestuudio.com","article_modified_time":"2024-09-13T07:26:34+00:00","og_image":[{"url":"https:\/\/novatervisestuudio.com\/wp-content\/uploads\/2024\/09\/PXL_20240730_065811008-771x1024.jpg"}],"twitter_card":"summary_large_image","twitter_misc":{"Estimated reading time":"3 minutes"},"schema":{"@context":"https:\/\/schema.org","@graph":[{"@type":"WebPage","@id":"https:\/\/novatervisestuudio.com\/index.php\/kontakt\/","url":"https:\/\/novatervisestuudio.com\/index.php\/kontakt\/","name":"Meist\/Kontakt - novatervisestuudio.com","isPartOf":{"@id":"https:\/\/novatervisestuudio.com\/#website"},"primaryImageOfPage":{"@id":"https:\/\/novatervisestuudio.com\/index.php\/kontakt\/#primaryimage"},"image":{"@id":"https:\/\/novatervisestuudio.com\/index.php\/kontakt\/#primaryimage"},"thumbnailUrl":"https:\/\/novatervisestuudio.com\/wp-content\/uploads\/2024\/09\/PXL_20240730_065811008-771x1024.jpg","datePublished":"2021-08-25T01:16:38+00:00","dateModified":"2024-09-13T07:26:34+00:00","breadcrumb":{"@id":"https:\/\/novatervisestuudio.com\/index.php\/kontakt\/#breadcrumb"},"inLanguage":"en-GB","potentialAction":[{"@type":"ReadAction","target":["https:\/\/novatervisestuudio.com\/index.php\/kontakt\/"]}]},{"@type":"ImageObject","inLanguage":"en-GB","@id":"https:\/\/novatervisestuudio.com\/index.php\/kontakt\/#primaryimage","url":"https:\/\/novatervisestuudio.com\/wp-content\/uploads\/2024\/09\/PXL_20240730_065811008-scaled.jpg","contentUrl":"https:\/\/novatervisestuudio.com\/wp-content\/uploads\/2024\/09\/PXL_20240730_065811008-scaled.jpg","width":1928,"height":2560},{"@type":"BreadcrumbList","@id":"https:\/\/novatervisestuudio.com\/index.php\/kontakt\/#breadcrumb","itemListElement":[{"@type":"ListItem","position":1,"name":"Home","item":"https:\/\/novatervisestuudio.com\/"},{"@type":"ListItem","position":2,"name":"Meist\/Kontakt"}]},{"@type":"WebSite","@id":"https:\/\/novatervisestuudio.com\/#website","url":"https:\/\/novatervisestuudio.com\/","name":"novatervisestuudio.com","description":"","publisher":{"@id":"https:\/\/novatervisestuudio.com\/#organization"},"potentialAction":[{"@type":"SearchAction","target":{"@type":"EntryPoint","urlTemplate":"https:\/\/novatervisestuudio.com\/?s={search_term_string}"},"query-input":{"@type":"PropertyValueSpecification","valueRequired":true,"valueName":"search_term_string"}}],"inLanguage":"en-GB"},{"@type":"Organization","@id":"https:\/\/novatervisestuudio.com\/#organization","name":"novatervisestuudio.com","url":"https:\/\/novatervisestuudio.com\/","logo":{"@type":"ImageObject","inLanguage":"en-GB","@id":"https:\/\/novatervisestuudio.com\/#\/schema\/logo\/image\/","url":"https:\/\/novatervisestuudio.com\/wp-content\/uploads\/2023\/10\/PNG_Logo__199_KB_-removebg-preview.png","contentUrl":"https:\/\/novatervisestuudio.com\/wp-content\/uploads\/2023\/10\/PNG_Logo__199_KB_-removebg-preview.png","width":426,"height":421,"caption":"novatervisestuudio.com"},"image":{"@id":"https:\/\/novatervisestuudio.com\/#\/schema\/logo\/image\/"}}]}},"jetpack_sharing_enabled":true,"uagb_featured_image_src":{"full":false,"thumbnail":false,"medium":false,"medium_large":false,"large":false,"1536x1536":false,"2048x2048":false,"mailpoet_newsletter_max":false,"woocommerce_thumbnail":false,"woocommerce_single":false,"woocommerce_gallery_thumbnail":false},"uagb_author_info":{"display_name":"novatervisestuudio.com","author_link":"https:\/\/novatervisestuudio.com\/index.php\/author\/novatervisestuudio-com\/"},"uagb_comment_info":0,"uagb_excerpt":"Meist\/Kontakt Meist Minu nimi on Elona ja jooga on minu jaoks armastus elu ja enese vastu. Praktiseerides joogat praktiseerin j\u00e4rjepidevust, enese avastamist ja hetkes elamist. 10 aasta jooksul olen s\u00fcvitsi tegelenud erinevate jooga stiilidega ning olen ennast j\u00e4tkuvalt arendanud nii Eestis kui v\u00e4ljaspool. Minu teekond joogas j\u00f5udis haripunkti 2019. aastal, kui omandasin Hatha jooga \u00f5petaja&hellip;","_links":{"self":[{"href":"https:\/\/novatervisestuudio.com\/index.php\/wp-json\/wp\/v2\/pages\/239"}],"collection":[{"href":"https:\/\/novatervisestuudio.com\/index.php\/wp-json\/wp\/v2\/pages"}],"about":[{"href":"https:\/\/novatervisestuudio.com\/index.php\/wp-json\/wp\/v2\/types\/page"}],"author":[{"embeddable":true,"href":"https:\/\/novatervisestuudio.com\/index.php\/wp-json\/wp\/v2\/users\/1"}],"replies":[{"embeddable":true,"href":"https:\/\/novatervisestuudio.com\/index.php\/wp-json\/wp\/v2\/comments?post=239"}],"version-history":[{"count":33,"href":"https:\/\/novatervisestuudio.com\/index.php\/wp-json\/wp\/v2\/pages\/239\/revisions"}],"predecessor-version":[{"id":2110,"href":"https:\/\/novatervisestuudio.com\/index.php\/wp-json\/wp\/v2\/pages\/239\/revisions\/2110"}],"wp:attachment":[{"href":"https:\/\/novatervisestuudio.com\/index.php\/wp-json\/wp\/v2\/media?parent=239"}],"curies":[{"name":"wp","href":"https:\/\/api.w.org\/{rel}","templated":true}]}}