{"id":1120,"date":"2023-11-15T16:39:31","date_gmt":"2023-11-15T16:39:31","guid":{"rendered":"https:\/\/novatervisestuudio.com\/?page_id=1120"},"modified":"2026-03-18T11:14:03","modified_gmt":"2026-03-18T09:14:03","slug":"uritused","status":"publish","type":"page","link":"https:\/\/novatervisestuudio.com\/index.php\/uritused\/","title":{"rendered":"\u00dcritused"},"content":{"rendered":"\t\t<div data-elementor-type=\"wp-page\" data-elementor-id=\"1120\" class=\"elementor elementor-1120\">\n\t\t\t\t<div class=\"elementor-element elementor-element-cb96631 e-flex e-con-boxed e-con e-parent\" data-id=\"cb96631\" data-element_type=\"container\">\n\t\t\t\t\t<div class=\"e-con-inner\">\n\t\t<div class=\"elementor-element elementor-element-2cbaa39 e-con-full e-flex e-con e-child\" data-id=\"2cbaa39\" data-element_type=\"container\">\n\t\t\t\t<div class=\"elementor-element elementor-element-19263ed elementor-widget elementor-widget-ameliaeventslistbooking\" data-id=\"19263ed\" data-element_type=\"widget\" data-widget_type=\"ameliaeventslistbooking.default\">\n\t\t\t\t<div class=\"elementor-widget-container\">\n\t\t\t\t\t<script>\n  if (typeof hasAmeliaEvent === 'undefined') {\n    var hasAmeliaEvent = true;\n  }\n  if (typeof hasEventApiCall === 'undefined' && '' === '') {\n    var hasEventApiCall = true;\n  }\n  var hasEventShortcode = (typeof hasEventShortcode === 'undefined') ? false : true;\n  var ameliaShortcodeData = (typeof ameliaShortcodeData === 'undefined') ? [] : ameliaShortcodeData;\n  ameliaShortcodeData.push(\n    {\n      'hasApiCall': (typeof hasEventApiCall !== 'undefined') && hasEventApiCall,\n      'trigger': '',\n      'trigger_type': '',\n      'triggered_form': 'elf',\n      'in_dialog': '',\n      'counter': '1000',\n      'employee': '',\n      'eventId': '',\n      'eventRecurring': 0,\n      'eventTag': \"\",\n      'locationId': \"\"\n    }\n  );\n  var ameliaShortcodeDataTriggered = (typeof ameliaShortcodeDataTriggered === 'undefined') ? [] : ameliaShortcodeDataTriggered;\n  if (ameliaShortcodeData[ameliaShortcodeData.length - 1].trigger !== '') {\n    if (ameliaShortcodeDataTriggered.filter(a => a.counter === ameliaShortcodeData[ameliaShortcodeData.length - 1].counter).length === 0) {\n      ameliaShortcodeDataTriggered.push(ameliaShortcodeData.pop());\n    } else {\n      ameliaShortcodeData.pop()\n    }\n  }\n  if (typeof hasEventApiCall !== 'undefined' && hasEventApiCall) {\n    hasEventApiCall = false;\n  }\n<\/script>\n\n<div\n  id=\"amelia-v2-booking-1000\"\n  class=\"amelia-v2-booking\"\n>\n    <events-list-form-wrapper><\/div>\n\t\t\t\t<\/div>\n\t\t\t\t<\/div>\n\t\t\t\t<\/div>\n\t\t\t\t\t<\/div>\n\t\t\t\t<\/div>\n\t\t<div class=\"elementor-element elementor-element-23ad58b9 e-con-full e-flex e-con e-parent\" data-id=\"23ad58b9\" data-element_type=\"container\" data-settings=\"{&quot;background_background&quot;:&quot;classic&quot;}\">\n\t\t<div class=\"elementor-element elementor-element-bf65719 e-con-full e-flex e-con e-child\" data-id=\"bf65719\" data-element_type=\"container\">\n\t\t\t\t<div class=\"elementor-element elementor-element-e6db617 elementor-widget elementor-widget-image\" data-id=\"e6db617\" data-element_type=\"widget\" data-widget_type=\"image.default\">\n\t\t\t\t<div class=\"elementor-widget-container\">\n\t\t\t\t\t\t\t\t\t\t\t\t\t\t\t<img decoding=\"async\" src=\"https:\/\/novatervisestuudio.com\/wp-content\/uploads\/2026\/01\/pexels-photo-460295-460295-scaled.jpg\" title=\"pexels-photo-460295-460295\" alt=\"Close-up of hands gently holding a delicate pink flower symbolizing care and nature.\" loading=\"lazy\" \/>\t\t\t\t\t\t\t\t\t\t\t\t\t\t\t<\/div>\n\t\t\t\t<\/div>\n\t\t\t\t<\/div>\n\t\t<div class=\"elementor-element elementor-element-55c7ecdb e-con-full e-flex e-con e-child\" data-id=\"55c7ecdb\" data-element_type=\"container\">\n\t\t\t\t<div class=\"elementor-element elementor-element-3ed0a165 elementor-widget elementor-widget-heading\" data-id=\"3ed0a165\" data-element_type=\"widget\" data-widget_type=\"heading.default\">\n\t\t\t\t<div class=\"elementor-widget-container\">\n\t\t\t\t\t<h1 class=\"elementor-heading-title elementor-size-default\">Avastage meie l\u00e4henevate \u00fcrituste tipphetked siit!<\/h1>\t\t\t\t<\/div>\n\t\t\t\t<\/div>\n\t\t\t\t<\/div>\n\t\t\t\t<\/div>\n\t\t<div class=\"elementor-element elementor-element-dbc250f e-grid e-con-boxed e-con e-parent\" data-id=\"dbc250f\" data-element_type=\"container\">\n\t\t\t\t\t<div class=\"e-con-inner\">\n\t\t\t\t<div class=\"elementor-element elementor-element-2dbc55e elementor-widget elementor-widget-image\" data-id=\"2dbc55e\" data-element_type=\"widget\" data-widget_type=\"image.default\">\n\t\t\t\t<div class=\"elementor-widget-container\">\n\t\t\t\t\t\t\t\t\t\t\t\t\t\t\t<img fetchpriority=\"high\" decoding=\"async\" width=\"1024\" height=\"1024\" src=\"https:\/\/novatervisestuudio.com\/wp-content\/uploads\/2026\/01\/Untitled-1024-x-1024-px-1.png\" class=\"attachment-large size-large wp-image-4107\" alt=\"\" srcset=\"https:\/\/novatervisestuudio.com\/wp-content\/uploads\/2026\/01\/Untitled-1024-x-1024-px-1.png 1024w, https:\/\/novatervisestuudio.com\/wp-content\/uploads\/2026\/01\/Untitled-1024-x-1024-px-1-300x300.png 300w, https:\/\/novatervisestuudio.com\/wp-content\/uploads\/2026\/01\/Untitled-1024-x-1024-px-1-150x150.png 150w, https:\/\/novatervisestuudio.com\/wp-content\/uploads\/2026\/01\/Untitled-1024-x-1024-px-1-768x768.png 768w, https:\/\/novatervisestuudio.com\/wp-content\/uploads\/2026\/01\/Untitled-1024-x-1024-px-1-600x600.png 600w, https:\/\/novatervisestuudio.com\/wp-content\/uploads\/2026\/01\/Untitled-1024-x-1024-px-1-100x100.png 100w\" sizes=\"(max-width: 1024px) 100vw, 1024px\" \/>\t\t\t\t\t\t\t\t\t\t\t\t\t\t\t<\/div>\n\t\t\t\t<\/div>\n\t\t\t\t<div class=\"elementor-element elementor-element-81c0a89 elementor-widget elementor-widget-text-editor\" data-id=\"81c0a89\" data-element_type=\"widget\" data-widget_type=\"text-editor.default\">\n\t\t\t\t<div class=\"elementor-widget-container\">\n\t\t\t\t\t\t\t\t\t<h4 data-start=\"247\" data-end=\"383\"><strong>Reede\u00f5htune meditatsioon <\/strong><\/h4><p data-start=\"247\" data-end=\"383\">Kord kuus, reede \u00f5htul, kohtume Nova Tervisestuudios hoitud ja rahulikus ruumis, et aeglustada, hingata ja taastada sisemine tasakaal.<\/p><p data-start=\"385\" data-end=\"482\">See ei ole lihtsalt meditatsiooni\u00f5htu.<br data-start=\"423\" data-end=\"426\" \/>See on <strong data-start=\"433\" data-end=\"481\">5-kuuline pehme r\u00e4nnak tagasi iseenda juurde<\/strong>.<\/p><p data-start=\"484\" data-end=\"593\">V\u00f5id liituda kogu teekonnaga v\u00f5i tulla ka \u00fcksikutele \u00f5htutele \u2013 iga kohtumine on terviklik ja toetav kogemus.<\/p><h5 data-start=\"600\" data-end=\"635\"><strong data-start=\"604\" data-end=\"635\">Mida iga kohtumine sisaldab<\/strong><\/h5><p data-start=\"637\" data-end=\"792\">\u2022 kehaline l\u00f5dvestus<br data-start=\"657\" data-end=\"660\" \/>\u2022 teadlik hingamine<br data-start=\"679\" data-end=\"682\" \/>\u2022 juhendatud meditatsioon<br data-start=\"707\" data-end=\"710\" \/>\u2022 helidele keskendumine ja kuulamisharjutused<br data-start=\"755\" data-end=\"758\" \/>\u2022 vaikne integratsioon ja puhkus<\/p><h5 data-start=\"637\" data-end=\"792\"><strong data-start=\"803\" data-end=\"817\">See on aeg <\/strong>aeglustada, vabastada n\u00e4dala pinged, taastada sisemine rahu,tulla tagasi iseenda juurde<\/h5><h5 data-start=\"927\" data-end=\"952\"><strong data-start=\"931\" data-end=\"952\">Meditatsiooniteekond<\/strong><\/h5><p data-start=\"927\" data-end=\"952\"><strong data-start=\"954\" data-end=\"977\">23.01.26 \u2013 Maandumine<\/strong><\/p><p data-start=\"1021\" data-end=\"1077\"><strong data-start=\"1021\" data-end=\"1042\">27.02.26\u2013 Kohalolu<\/strong><\/p><p data-start=\"1079\" data-end=\"1132\"><strong data-start=\"1079\" data-end=\"1098\">27.03.26\u2013 Selgus<\/strong><br data-start=\"1098\" data-end=\"1101\" \/><strong data-start=\"1134\" data-end=\"1158\">24.04.26 \u2013 Vabastamine<\/strong><\/p><p data-start=\"1204\" data-end=\"1261\"><strong data-start=\"1204\" data-end=\"1230\">22.05.26 \u2013 Integratsioon<\/strong><\/p><hr data-start=\"1263\" data-end=\"1266\" \/><p data-start=\"1268\" data-end=\"1361\">Kui tunned, et vaiksed hetked kipuvad argim\u00fcrasse kaduma, siis on meditatsiooni\u00f5htu just Sulle.<\/p>\t\t\t\t\t\t\t\t<\/div>\n\t\t\t\t<\/div>\n\t\t\t\t\t<\/div>\n\t\t\t\t<\/div>\n\t\t<div class=\"elementor-element elementor-element-afc6733 e-flex e-con-boxed e-con e-parent\" data-id=\"afc6733\" data-element_type=\"container\">\n\t\t\t\t\t<div class=\"e-con-inner\">\n\t\t<div class=\"elementor-element elementor-element-cd24705 e-con-full e-flex e-con e-child\" data-id=\"cd24705\" data-element_type=\"container\">\n\t\t\t\t<div class=\"elementor-element elementor-element-32c1f61 elementor-widget elementor-widget-image\" data-id=\"32c1f61\" data-element_type=\"widget\" data-widget_type=\"image.default\">\n\t\t\t\t<div class=\"elementor-widget-container\">\n\t\t\t\t\t\t\t\t\t\t\t\t\t\t\t<img decoding=\"async\" width=\"1024\" height=\"1024\" src=\"https:\/\/novatervisestuudio.com\/wp-content\/uploads\/2026\/03\/puerh-tee-1024x1024.png\" class=\"attachment-large size-large wp-image-4163\" alt=\"\" srcset=\"https:\/\/novatervisestuudio.com\/wp-content\/uploads\/2026\/03\/puerh-tee-1024x1024.png 1024w, https:\/\/novatervisestuudio.com\/wp-content\/uploads\/2026\/03\/puerh-tee-300x300.png 300w, https:\/\/novatervisestuudio.com\/wp-content\/uploads\/2026\/03\/puerh-tee-150x150.png 150w, https:\/\/novatervisestuudio.com\/wp-content\/uploads\/2026\/03\/puerh-tee-768x768.png 768w, https:\/\/novatervisestuudio.com\/wp-content\/uploads\/2026\/03\/puerh-tee-600x600.png 600w, https:\/\/novatervisestuudio.com\/wp-content\/uploads\/2026\/03\/puerh-tee-100x100.png 100w, https:\/\/novatervisestuudio.com\/wp-content\/uploads\/2026\/03\/puerh-tee.png 1080w\" sizes=\"(max-width: 1024px) 100vw, 1024px\" \/>\t\t\t\t\t\t\t\t\t\t\t\t\t\t\t<\/div>\n\t\t\t\t<\/div>\n\t\t\t\t<\/div>\n\t\t<div class=\"elementor-element elementor-element-f7108f2 e-con-full e-flex e-con e-child\" data-id=\"f7108f2\" data-element_type=\"container\">\n\t\t\t\t<div class=\"elementor-element elementor-element-bffbe11 elementor-widget elementor-widget-text-editor\" data-id=\"bffbe11\" data-element_type=\"widget\" data-widget_type=\"text-editor.default\">\n\t\t\t\t<div class=\"elementor-widget-container\">\n\t\t\t\t\t\t\t\t\t<h3 style=\"text-align: center;\"><strong>Vietnami Pu-erh tee ja maitsete \u00f5htu 26.04.26 kell 16.00<\/strong><\/h3><p>\u00a0<\/p><div dir=\"auto\"><div dir=\"auto\"><p data-start=\"226\" data-end=\"443\">P\u00e4rast Vietnami reisi, kus mul oli \u00f5nn kohtuda kohalike teevalmistajatega, suhelda sealsete inimestega ja n\u00e4ha, millistest teepuudest s\u00fcnnib ehtne <strong data-start=\"373\" data-end=\"387\">pu-erh tee<\/strong>, soovin n\u00fc\u00fcd selle unikaalse kogemuse sinuni tuua.\u00a0<\/p><p data-start=\"445\" data-end=\"507\">Kutsun sind <strong data-start=\"457\" data-end=\"499\">Vietnami pu-erh tee ja maitsete \u00f5htule<\/strong>, kus:<\/p><ul data-start=\"508\" data-end=\"723\"><li data-section-id=\"7tz0r6\" data-start=\"508\" data-end=\"566\"><p data-start=\"510\" data-end=\"566\"><strong data-start=\"510\" data-end=\"561\">tutvume ja maitseme kahte autentset pu-erh teed<\/strong> \ud83c\udf75<\/p><\/li><li data-section-id=\"1274nw6\" data-start=\"567\" data-end=\"622\"><p data-start=\"569\" data-end=\"622\">valmistame koos <strong data-start=\"585\" data-end=\"617\">v\u00e4rsked Vietnami kevadrullid<\/strong> \ud83e\udd62<\/p><\/li><li data-section-id=\"1bd9cre\" data-start=\"623\" data-end=\"723\"><p data-start=\"625\" data-end=\"723\">jagan sinuga lugusid Vietnami inimestest ja nende p\u00f5lvkondade kaupa edasi antud traditsioonidest<\/p><\/li><\/ul><p data-start=\"725\" data-end=\"890\">See on \u00f5htu t\u00e4is <strong data-start=\"742\" data-end=\"788\">maitseid, kultuuri ja ainulaadseid elamusi<\/strong>, mida sa igalt poolt ei leia \u2013 t\u00f5eline r\u00e4nnak Vietnami m\u00e4gede ja kohalike traditsioonide maailma.\u00a0<\/p><p data-start=\"892\" data-end=\"955\"><strong data-start=\"895\" data-end=\"953\">Kohtade arv on piiratud \u2013 broneeri oma koht juba t\u00e4na!<\/strong><\/p><\/div><\/div>\t\t\t\t\t\t\t\t<\/div>\n\t\t\t\t<\/div>\n\t\t\t\t<\/div>\n\t\t\t\t\t<\/div>\n\t\t\t\t<\/div>\n\t\t<div class=\"elementor-element elementor-element-623b477b e-con-full e-flex e-con e-parent\" data-id=\"623b477b\" data-element_type=\"container\" data-settings=\"{&quot;background_background&quot;:&quot;classic&quot;}\">\n\t\t\t\t<div class=\"elementor-element elementor-element-43f0ace5 elementor-widget elementor-widget-heading\" data-id=\"43f0ace5\" data-element_type=\"widget\" data-widget_type=\"heading.default\">\n\t\t\t\t<div class=\"elementor-widget-container\">\n\t\t\t\t\t<h3 class=\"elementor-heading-title elementor-size-default\">Koguge meeldej\u00e4\u00e4vaid hetki, mis on t\u00e4is inspiratsiooni ja \u00fchendust ja vastage j\u00e4rgmised erilised hetked meie \u00fcritustelt!<\/h3>\t\t\t\t<\/div>\n\t\t\t\t<\/div>\n\t\t\t\t<div class=\"elementor-element elementor-element-155e36c4 elementor-mobile-align-center elementor-align-center elementor-widget elementor-widget-button\" data-id=\"155e36c4\" data-element_type=\"widget\" data-widget_type=\"button.default\">\n\t\t\t\t<div class=\"elementor-widget-container\">\n\t\t\t\t\t\t\t\t\t<div class=\"elementor-button-wrapper\">\n\t\t\t\t\t<a class=\"elementor-button elementor-button-link elementor-size-sm\" href=\"#nova.atstuudio@gmail.com\">\n\t\t\t\t\t\t<span class=\"elementor-button-content-wrapper\">\n\t\t\t\t\t\t\t\t\t<span class=\"elementor-button-text\">KIRJUTA MEILE<\/span>\n\t\t\t\t\t<\/span>\n\t\t\t\t\t<\/a>\n\t\t\t\t<\/div>\n\t\t\t\t\t\t\t\t<\/div>\n\t\t\t\t<\/div>\n\t\t\t\t<\/div>\n\t\t\t\t<\/div>\n\t\t","protected":false},"excerpt":{"rendered":"<p>Avastage meie l\u00e4henevate \u00fcrituste tipphetked siit! Reede\u00f5htune meditatsioon Kord kuus, reede \u00f5htul, kohtume Nova Tervisestuudios hoitud ja rahulikus ruumis, et aeglustada, hingata ja taastada sisemine tasakaal. See ei ole lihtsalt meditatsiooni\u00f5htu.See on 5-kuuline pehme r\u00e4nnak tagasi iseenda juurde. V\u00f5id liituda kogu teekonnaga v\u00f5i tulla ka \u00fcksikutele \u00f5htutele \u2013 iga kohtumine on terviklik ja toetav kogemus. &hellip;<\/p>\n<p class=\"read-more\"> <a class=\"\" href=\"https:\/\/novatervisestuudio.com\/index.php\/uritused\/\"> <span class=\"screen-reader-text\">\u00dcritused<\/span> Read More &raquo;<\/a><\/p>\n","protected":false},"author":1,"featured_media":0,"parent":0,"menu_order":0,"comment_status":"closed","ping_status":"closed","template":"","meta":{"_eb_attr":"","_uag_custom_page_level_css":"","site-sidebar-layout":"no-sidebar","site-content-layout":"page-builder","ast-site-content-layout":"full-width-container","site-content-style":"default","site-sidebar-style":"default","ast-global-header-display":"","ast-banner-title-visibility":"","ast-main-header-display":"","ast-hfb-above-header-display":"","ast-hfb-below-header-display":"","ast-hfb-mobile-header-display":"","site-post-title":"disabled","ast-breadcrumbs-content":"","ast-featured-img":"disabled","footer-sml-layout":"","theme-transparent-header-meta":"","adv-header-id-meta":"","stick-header-meta":"","header-above-stick-meta":"","header-main-stick-meta":"","header-below-stick-meta":"","astra-migrate-meta-layouts":"set","footnotes":""},"class_list":["post-1120","page","type-page","status-publish","hentry"],"yoast_head":"<!-- This site is optimized with the Yoast SEO plugin v23.4 - https:\/\/yoast.com\/wordpress\/plugins\/seo\/ -->\n<title>\u00dcritused - novatervisestuudio.com<\/title>\n<meta name=\"robots\" content=\"index, follow, max-snippet:-1, max-image-preview:large, max-video-preview:-1\" \/>\n<link rel=\"canonical\" href=\"https:\/\/novatervisestuudio.com\/index.php\/uritused\/\" \/>\n<meta property=\"og:locale\" content=\"en_GB\" \/>\n<meta property=\"og:type\" content=\"article\" \/>\n<meta property=\"og:title\" content=\"\u00dcritused - novatervisestuudio.com\" \/>\n<meta property=\"og:description\" content=\"Avastage meie l\u00e4henevate \u00fcrituste tipphetked siit! Reede\u00f5htune meditatsioon Kord kuus, reede \u00f5htul, kohtume Nova Tervisestuudios hoitud ja rahulikus ruumis, et aeglustada, hingata ja taastada sisemine tasakaal. See ei ole lihtsalt meditatsiooni\u00f5htu.See on 5-kuuline pehme r\u00e4nnak tagasi iseenda juurde. V\u00f5id liituda kogu teekonnaga v\u00f5i tulla ka \u00fcksikutele \u00f5htutele \u2013 iga kohtumine on terviklik ja toetav kogemus. &hellip; \u00dcritused Read More &raquo;\" \/>\n<meta property=\"og:url\" content=\"https:\/\/novatervisestuudio.com\/index.php\/uritused\/\" \/>\n<meta property=\"og:site_name\" content=\"novatervisestuudio.com\" \/>\n<meta property=\"article:modified_time\" content=\"2026-03-18T09:14:03+00:00\" \/>\n<meta property=\"og:image\" content=\"https:\/\/novatervisestuudio.com\/wp-content\/uploads\/2026\/01\/pexels-photo-460295-460295-scaled.jpg\" \/>\n<meta name=\"twitter:card\" content=\"summary_large_image\" \/>\n<meta name=\"twitter:label1\" content=\"Estimated reading time\" \/>\n\t<meta name=\"twitter:data1\" content=\"2 minutes\" \/>\n<script type=\"application\/ld+json\" class=\"yoast-schema-graph\">{\"@context\":\"https:\/\/schema.org\",\"@graph\":[{\"@type\":\"WebPage\",\"@id\":\"https:\/\/novatervisestuudio.com\/index.php\/uritused\/\",\"url\":\"https:\/\/novatervisestuudio.com\/index.php\/uritused\/\",\"name\":\"\u00dcritused - novatervisestuudio.com\",\"isPartOf\":{\"@id\":\"https:\/\/novatervisestuudio.com\/#website\"},\"primaryImageOfPage\":{\"@id\":\"https:\/\/novatervisestuudio.com\/index.php\/uritused\/#primaryimage\"},\"image\":{\"@id\":\"https:\/\/novatervisestuudio.com\/index.php\/uritused\/#primaryimage\"},\"thumbnailUrl\":\"https:\/\/novatervisestuudio.com\/wp-content\/uploads\/2026\/01\/pexels-photo-460295-460295-scaled.jpg\",\"datePublished\":\"2023-11-15T16:39:31+00:00\",\"dateModified\":\"2026-03-18T09:14:03+00:00\",\"breadcrumb\":{\"@id\":\"https:\/\/novatervisestuudio.com\/index.php\/uritused\/#breadcrumb\"},\"inLanguage\":\"en-GB\",\"potentialAction\":[{\"@type\":\"ReadAction\",\"target\":[\"https:\/\/novatervisestuudio.com\/index.php\/uritused\/\"]}]},{\"@type\":\"ImageObject\",\"inLanguage\":\"en-GB\",\"@id\":\"https:\/\/novatervisestuudio.com\/index.php\/uritused\/#primaryimage\",\"url\":\"https:\/\/novatervisestuudio.com\/wp-content\/uploads\/2026\/01\/pexels-photo-460295-460295-scaled.jpg\",\"contentUrl\":\"https:\/\/novatervisestuudio.com\/wp-content\/uploads\/2026\/01\/pexels-photo-460295-460295-scaled.jpg\",\"width\":2560,\"height\":1971,\"caption\":\"Close-up of hands gently holding a delicate pink flower symbolizing care and nature.\"},{\"@type\":\"BreadcrumbList\",\"@id\":\"https:\/\/novatervisestuudio.com\/index.php\/uritused\/#breadcrumb\",\"itemListElement\":[{\"@type\":\"ListItem\",\"position\":1,\"name\":\"Home\",\"item\":\"https:\/\/novatervisestuudio.com\/\"},{\"@type\":\"ListItem\",\"position\":2,\"name\":\"\u00dcritused\"}]},{\"@type\":\"WebSite\",\"@id\":\"https:\/\/novatervisestuudio.com\/#website\",\"url\":\"https:\/\/novatervisestuudio.com\/\",\"name\":\"novatervisestuudio.com\",\"description\":\"\",\"publisher\":{\"@id\":\"https:\/\/novatervisestuudio.com\/#organization\"},\"potentialAction\":[{\"@type\":\"SearchAction\",\"target\":{\"@type\":\"EntryPoint\",\"urlTemplate\":\"https:\/\/novatervisestuudio.com\/?s={search_term_string}\"},\"query-input\":{\"@type\":\"PropertyValueSpecification\",\"valueRequired\":true,\"valueName\":\"search_term_string\"}}],\"inLanguage\":\"en-GB\"},{\"@type\":\"Organization\",\"@id\":\"https:\/\/novatervisestuudio.com\/#organization\",\"name\":\"novatervisestuudio.com\",\"url\":\"https:\/\/novatervisestuudio.com\/\",\"logo\":{\"@type\":\"ImageObject\",\"inLanguage\":\"en-GB\",\"@id\":\"https:\/\/novatervisestuudio.com\/#\/schema\/logo\/image\/\",\"url\":\"https:\/\/novatervisestuudio.com\/wp-content\/uploads\/2023\/10\/PNG_Logo__199_KB_-removebg-preview.png\",\"contentUrl\":\"https:\/\/novatervisestuudio.com\/wp-content\/uploads\/2023\/10\/PNG_Logo__199_KB_-removebg-preview.png\",\"width\":426,\"height\":421,\"caption\":\"novatervisestuudio.com\"},\"image\":{\"@id\":\"https:\/\/novatervisestuudio.com\/#\/schema\/logo\/image\/\"}}]}<\/script>\n<!-- \/ Yoast SEO plugin. -->","yoast_head_json":{"title":"\u00dcritused - novatervisestuudio.com","robots":{"index":"index","follow":"follow","max-snippet":"max-snippet:-1","max-image-preview":"max-image-preview:large","max-video-preview":"max-video-preview:-1"},"canonical":"https:\/\/novatervisestuudio.com\/index.php\/uritused\/","og_locale":"en_GB","og_type":"article","og_title":"\u00dcritused - novatervisestuudio.com","og_description":"Avastage meie l\u00e4henevate \u00fcrituste tipphetked siit! Reede\u00f5htune meditatsioon Kord kuus, reede \u00f5htul, kohtume Nova Tervisestuudios hoitud ja rahulikus ruumis, et aeglustada, hingata ja taastada sisemine tasakaal. See ei ole lihtsalt meditatsiooni\u00f5htu.See on 5-kuuline pehme r\u00e4nnak tagasi iseenda juurde. V\u00f5id liituda kogu teekonnaga v\u00f5i tulla ka \u00fcksikutele \u00f5htutele \u2013 iga kohtumine on terviklik ja toetav kogemus. &hellip; \u00dcritused Read More &raquo;","og_url":"https:\/\/novatervisestuudio.com\/index.php\/uritused\/","og_site_name":"novatervisestuudio.com","article_modified_time":"2026-03-18T09:14:03+00:00","og_image":[{"url":"https:\/\/novatervisestuudio.com\/wp-content\/uploads\/2026\/01\/pexels-photo-460295-460295-scaled.jpg"}],"twitter_card":"summary_large_image","twitter_misc":{"Estimated reading time":"2 minutes"},"schema":{"@context":"https:\/\/schema.org","@graph":[{"@type":"WebPage","@id":"https:\/\/novatervisestuudio.com\/index.php\/uritused\/","url":"https:\/\/novatervisestuudio.com\/index.php\/uritused\/","name":"\u00dcritused - novatervisestuudio.com","isPartOf":{"@id":"https:\/\/novatervisestuudio.com\/#website"},"primaryImageOfPage":{"@id":"https:\/\/novatervisestuudio.com\/index.php\/uritused\/#primaryimage"},"image":{"@id":"https:\/\/novatervisestuudio.com\/index.php\/uritused\/#primaryimage"},"thumbnailUrl":"https:\/\/novatervisestuudio.com\/wp-content\/uploads\/2026\/01\/pexels-photo-460295-460295-scaled.jpg","datePublished":"2023-11-15T16:39:31+00:00","dateModified":"2026-03-18T09:14:03+00:00","breadcrumb":{"@id":"https:\/\/novatervisestuudio.com\/index.php\/uritused\/#breadcrumb"},"inLanguage":"en-GB","potentialAction":[{"@type":"ReadAction","target":["https:\/\/novatervisestuudio.com\/index.php\/uritused\/"]}]},{"@type":"ImageObject","inLanguage":"en-GB","@id":"https:\/\/novatervisestuudio.com\/index.php\/uritused\/#primaryimage","url":"https:\/\/novatervisestuudio.com\/wp-content\/uploads\/2026\/01\/pexels-photo-460295-460295-scaled.jpg","contentUrl":"https:\/\/novatervisestuudio.com\/wp-content\/uploads\/2026\/01\/pexels-photo-460295-460295-scaled.jpg","width":2560,"height":1971,"caption":"Close-up of hands gently holding a delicate pink flower symbolizing care and nature."},{"@type":"BreadcrumbList","@id":"https:\/\/novatervisestuudio.com\/index.php\/uritused\/#breadcrumb","itemListElement":[{"@type":"ListItem","position":1,"name":"Home","item":"https:\/\/novatervisestuudio.com\/"},{"@type":"ListItem","position":2,"name":"\u00dcritused"}]},{"@type":"WebSite","@id":"https:\/\/novatervisestuudio.com\/#website","url":"https:\/\/novatervisestuudio.com\/","name":"novatervisestuudio.com","description":"","publisher":{"@id":"https:\/\/novatervisestuudio.com\/#organization"},"potentialAction":[{"@type":"SearchAction","target":{"@type":"EntryPoint","urlTemplate":"https:\/\/novatervisestuudio.com\/?s={search_term_string}"},"query-input":{"@type":"PropertyValueSpecification","valueRequired":true,"valueName":"search_term_string"}}],"inLanguage":"en-GB"},{"@type":"Organization","@id":"https:\/\/novatervisestuudio.com\/#organization","name":"novatervisestuudio.com","url":"https:\/\/novatervisestuudio.com\/","logo":{"@type":"ImageObject","inLanguage":"en-GB","@id":"https:\/\/novatervisestuudio.com\/#\/schema\/logo\/image\/","url":"https:\/\/novatervisestuudio.com\/wp-content\/uploads\/2023\/10\/PNG_Logo__199_KB_-removebg-preview.png","contentUrl":"https:\/\/novatervisestuudio.com\/wp-content\/uploads\/2023\/10\/PNG_Logo__199_KB_-removebg-preview.png","width":426,"height":421,"caption":"novatervisestuudio.com"},"image":{"@id":"https:\/\/novatervisestuudio.com\/#\/schema\/logo\/image\/"}}]}},"jetpack_sharing_enabled":true,"uagb_featured_image_src":{"full":false,"thumbnail":false,"medium":false,"medium_large":false,"large":false,"1536x1536":false,"2048x2048":false,"mailpoet_newsletter_max":false,"woocommerce_thumbnail":false,"woocommerce_single":false,"woocommerce_gallery_thumbnail":false},"uagb_author_info":{"display_name":"novatervisestuudio.com","author_link":"https:\/\/novatervisestuudio.com\/index.php\/author\/novatervisestuudio-com\/"},"uagb_comment_info":0,"uagb_excerpt":"Avastage meie l\u00e4henevate \u00fcrituste tipphetked siit! Reede\u00f5htune meditatsioon Kord kuus, reede \u00f5htul, kohtume Nova Tervisestuudios hoitud ja rahulikus ruumis, et aeglustada, hingata ja taastada sisemine tasakaal. See ei ole lihtsalt meditatsiooni\u00f5htu.See on 5-kuuline pehme r\u00e4nnak tagasi iseenda juurde. V\u00f5id liituda kogu teekonnaga v\u00f5i tulla ka \u00fcksikutele \u00f5htutele \u2013 iga kohtumine on terviklik ja toetav kogemus.&hellip;","_links":{"self":[{"href":"https:\/\/novatervisestuudio.com\/index.php\/wp-json\/wp\/v2\/pages\/1120"}],"collection":[{"href":"https:\/\/novatervisestuudio.com\/index.php\/wp-json\/wp\/v2\/pages"}],"about":[{"href":"https:\/\/novatervisestuudio.com\/index.php\/wp-json\/wp\/v2\/types\/page"}],"author":[{"embeddable":true,"href":"https:\/\/novatervisestuudio.com\/index.php\/wp-json\/wp\/v2\/users\/1"}],"replies":[{"embeddable":true,"href":"https:\/\/novatervisestuudio.com\/index.php\/wp-json\/wp\/v2\/comments?post=1120"}],"version-history":[{"count":196,"href":"https:\/\/novatervisestuudio.com\/index.php\/wp-json\/wp\/v2\/pages\/1120\/revisions"}],"predecessor-version":[{"id":4167,"href":"https:\/\/novatervisestuudio.com\/index.php\/wp-json\/wp\/v2\/pages\/1120\/revisions\/4167"}],"wp:attachment":[{"href":"https:\/\/novatervisestuudio.com\/index.php\/wp-json\/wp\/v2\/media?parent=1120"}],"curies":[{"name":"wp","href":"https:\/\/api.w.org\/{rel}","templated":true}]}}